{"id":948,"date":"2018-03-30T19:52:49","date_gmt":"2018-03-30T17:52:49","guid":{"rendered":"https:\/\/topfit-24.de\/?page_id=948"},"modified":"2025-07-05T16:32:07","modified_gmt":"2025-07-05T14:32:07","slug":"kontaktformular-probetraining","status":"publish","type":"page","link":"https:\/\/topfit-24.de\/index.php\/kontaktformular-probetraining\/","title":{"rendered":"Probetraining"},"content":{"rendered":"<div id='av_section_1'  class='avia-section av-20wct8-0e12385eca3d197433aacb27fdaa1fc1 main_color avia-section-large avia-no-border-styling  avia-builder-el-0  avia-builder-el-no-sibling  avia-bg-style-scroll container_wrap sidebar_right'  ><div class='container av-section-cont-open' ><main  role=\"main\" itemprop=\"mainContentOfPage\"  class='template-page content  av-content-small alpha units'><div class='post-entry post-entry-type-page post-entry-948'><div class='entry-content-wrapper clearfix'>\n\n<style type=\"text\/css\" data-created_by=\"avia_inline_auto\" id=\"style-css-av-lik7w-801879fb91d1d4885db1b15c6dd47583\">\n#top .av-special-heading.av-lik7w-801879fb91d1d4885db1b15c6dd47583{\npadding-bottom:30px;\nfont-size:70px;\n}\nbody .av-special-heading.av-lik7w-801879fb91d1d4885db1b15c6dd47583 .av-special-heading-tag .heading-char{\nfont-size:25px;\n}\n#top #wrap_all .av-special-heading.av-lik7w-801879fb91d1d4885db1b15c6dd47583 .av-special-heading-tag{\nfont-size:70px;\n}\n.av-special-heading.av-lik7w-801879fb91d1d4885db1b15c6dd47583 .av-subheading{\nfont-size:15px;\n}\n\n@media only screen and (min-width: 480px) and (max-width: 767px){ \n#top #wrap_all .av-special-heading.av-lik7w-801879fb91d1d4885db1b15c6dd47583 .av-special-heading-tag{\nfont-size:0.8em;\n}\n}\n\n@media only screen and (max-width: 479px){ \n#top #wrap_all .av-special-heading.av-lik7w-801879fb91d1d4885db1b15c6dd47583 .av-special-heading-tag{\nfont-size:0.8em;\n}\n}\n<\/style>\n<div  class='av-special-heading av-lik7w-801879fb91d1d4885db1b15c6dd47583 av-special-heading-h1 blockquote modern-quote  avia-builder-el-1  el_before_av_two_fifth  avia-builder-el-first  av-thin-font av-inherit-size'><h1 class='av-special-heading-tag '  itemprop=\"headline\"  >Probe\u00adtraining<strong>.<\/strong><\/h1><div class=\"special-heading-border\"><div class=\"special-heading-inner-border\"><\/div><\/div><\/div>\n\n<style type=\"text\/css\" data-created_by=\"avia_inline_auto\" id=\"style-css-av-1s6kik-dd6c0ee59d67fac82f8d6237151d860d\">\n.flex_column.av-1s6kik-dd6c0ee59d67fac82f8d6237151d860d{\nborder-radius:0px 0px 0px 0px;\npadding:0px 0px 0px 0px;\n}\n<\/style>\n<div  class='flex_column av-1s6kik-dd6c0ee59d67fac82f8d6237151d860d av_two_fifth  avia-builder-el-2  el_after_av_heading  el_before_av_three_fifth  first flex_column_div av-zero-column-padding  '     ><section  class='av_textblock_section av-1kxfa4-54afb8def168e8bf2f3cf93ef2779559 '   itemscope=\"itemscope\" itemtype=\"https:\/\/schema.org\/CreativeWork\" ><div class='avia_textblock'  itemprop=\"text\" ><h3>PROBETRAINING <span style=\"color: #9ece46;\">\u2013<\/span> ENTDECKE WAS DIR GUT TUT<\/h3>\n<p>Du willst unser Studio kennenlernen und direkt loslegen? Dann sichere dir jetzt dein kostenloses und unverbindliches Probetraining!<\/p>\n<p>Komm vorbei, sp\u00fcr die Atmosph\u00e4re, teste unsere Vielzahl an Ger\u00e4ten und lass dich von unserem Team pers\u00f6nlich betreuen \u2013 ganz ohne Verpflichtung. Egal ob Anf\u00e4nger oder Fortgeschrittener \u2013 bei uns findest du alles, was du brauchst, um durchzustarten.<\/p>\n<p>Unser Studio ist der richtige Ort f\u00fcr alle:<\/p>\n<p>Egal ob Einsteiger, Fitnessprofis, Sch\u00fcler, Rentner oder einfach alle, die etwas f\u00fcr sich tun wollen \u2013 hier bist du genau richtig. Bei uns trainierst du in motivierender Umgebung mit einem Team, das dich unterst\u00fctzt.<\/p>\n<p><span style=\"color: #9ece46;\">\u2022<\/span> Ruf uns einfach unter <a href=\"tel: +4915117889345\">01511-7889345<\/a> an<\/p>\n<p><span style=\"color: #9ece46;\">\u2022<\/span> Oder f\u00fclle das Kontaktformular aus \u2013 wir melden uns blitzschnell bei dir!<\/p>\n<p>Trainiere, erlebe, entscheide.<\/p>\n<p>Du hast nichts zu verlieren \u2013 aber alles zu gewinnen.<\/p>\n<\/div><\/section><\/div>\n<style type=\"text\/css\" data-created_by=\"avia_inline_auto\" id=\"style-css-av-j8v0-56745522b34631f9a5ad3aea13322984\">\n.flex_column.av-j8v0-56745522b34631f9a5ad3aea13322984{\nborder-radius:0px 0px 0px 0px;\npadding:0px 0px 0px 0px;\n}\n<\/style>\n<div  class='flex_column av-j8v0-56745522b34631f9a5ad3aea13322984 av_three_fifth  avia-builder-el-4  el_after_av_two_fifth  avia-builder-el-last  flex_column_div av-zero-column-padding  '     ><form action=\"https:\/\/topfit-24.de\/index.php\/kontaktformular-probetraining\/\" method=\"post\" data-fields-with-error=\"Fehler wurden in folgenden Feld(ern) gefunden:\" class=\"avia_ajax_form av-form-labels-visible   avia-builder-el-5  avia-builder-el-no-sibling   \" data-avia-form-id=\"1\" data-avia-redirect=''  aria-label='Kontaktformular' ><fieldset><p class='  first_form  form_element form_element_half' id='element_avia_1_1'><label for=\"avia_1_1\">Name <abbr class=\"required\" title=\"ben\u00f6tigt\">*<\/abbr><\/label> <input name=\"avia_1_1\" class=\"text_input is_empty\" type=\"text\" id=\"avia_1_1\" value=\"\" \/><\/p><p class='  form_element form_element_half' id='element_avia_2_1'><label for=\"avia_2_1\">Vorname <abbr class=\"required\" title=\"ben\u00f6tigt\">*<\/abbr><\/label> <input name=\"avia_2_1\" class=\"text_input is_empty\" type=\"text\" id=\"avia_2_1\" value=\"\" \/><\/p><p class='  first_form  form_element form_element_half' id='element_avia_3_1'><label for=\"avia_3_1\">E-Mail <abbr class=\"required\" title=\"ben\u00f6tigt\">*<\/abbr><\/label> <input name=\"avia_3_1\" class=\"text_input is_email\" type=\"text\" id=\"avia_3_1\" value=\"\" \/><\/p><p class='  form_element form_element_half' id='element_avia_4_1'><label for=\"avia_4_1\">Telefonnummer <abbr class=\"required\" title=\"ben\u00f6tigt\">*<\/abbr><\/label> <input name=\"avia_4_1\" class=\"text_input is_phone\" type=\"text\" id=\"avia_4_1\" value=\"\" \/><\/p><p class='  first_form  form_element form_fullwidth' id='element_avia_5_1'><label for=\"avia_5_1\" class=\"textare_label hidden textare_label_avia_5_1\">Nachricht<\/label><textarea  name=\"avia_5_1\" class=\"text_area \" cols=\"40\" rows=\"7\" id=\"avia_5_1\" ><\/textarea><\/p><p class='  first_form  form_element form_fullwidth' id='element_avia_6_1'><input  name=\"avia_6_1\" class=\"input_checkbox \" type=\"checkbox\" id=\"avia_6_1\" value=\"true\"\/><label class=\"input_checkbox_label\" for=\"avia_6_1\">Ich bin unter 18 Jahre alt<strong>.<\/strong><\/label><\/p><p class='  first_form  form_element form_fullwidth' id='element_avia_7_1'><input  name=\"avia_7_1\" class=\"input_checkbox is_empty\" type=\"checkbox\" id=\"avia_7_1\" value=\"true\"\/><label class=\"input_checkbox_label\" for=\"avia_7_1\">Ja, ich habe die <a href=\"https:\/\/topfit-24.de\/index.php\/datenschutzerklaerung\/\">Datenschutzerkl\u00e4rung<\/a> zur Kenntnis genommen und bin damit einverstanden, dass die von mir angegebenen Daten zweckgebunden zur Bearbeitung und Beantwortung meiner Anfrage elektronisch erhoben und gespeichert werden<strong>.<\/strong> <abbr class=\"required\" title=\"ben\u00f6tigt\">*<\/abbr><\/label><\/p><p class=\"hidden\"><input type=\"text\" name=\"avia_8_1\" class=\"hidden \" id=\"avia_8_1\" value=\"\" \/><\/p><p class='   form_element form_fullwidth' id='element_avia_9_1'><span class='value_verifier_label'>6 + 1 = ?<\/span><input name=\"avia_9_1_verifier\" type=\"hidden\" id=\"avia_9_1_verifier\" value=\"727784253\"\/><label for=\"avia_9_1\">Bitte l\u00f6se die Gleichung. Diese Ma\u00dfnahme dient der Abwehr von Spam <abbr class=\"required\" title=\"ben\u00f6tigt\">*<\/abbr><\/label><input name=\"avia_9_1\" class=\"text_input captcha\" type=\"text\" id=\"avia_9_1\" value=\"\"\/><\/p><p class=\"form_element \"><input type=\"hidden\" value=\"1\" name=\"avia_generated_form1\" \/><input type=\"submit\" value=\"Senden\" class=\"button\"  data-sending-label=\"Sende\"\/><\/p><\/fieldset><\/form><div id=\"ajaxresponse_1\" class=\"ajaxresponse ajaxresponse_1 hidden\"><\/div><\/div><\/div><\/div><\/main><!-- close content main element --><\/div><\/div><div id='after_section_1'  class='main_color av_default_container_wrap container_wrap sidebar_right'  ><div class='container av-section-cont-open' ><div class='template-page content  av-content-small alpha units'><div class='post-entry post-entry-type-page post-entry-948'><div class='entry-content-wrapper clearfix'>\n","protected":false},"excerpt":{"rendered":"","protected":false},"author":3,"featured_media":0,"parent":0,"menu_order":0,"comment_status":"closed","ping_status":"closed","template":"","meta":{"footnotes":""},"class_list":["post-948","page","type-page","status-publish","hentry"],"_links":{"self":[{"href":"https:\/\/topfit-24.de\/index.php\/wp-json\/wp\/v2\/pages\/948","targetHints":{"allow":["GET"]}}],"collection":[{"href":"https:\/\/topfit-24.de\/index.php\/wp-json\/wp\/v2\/pages"}],"about":[{"href":"https:\/\/topfit-24.de\/index.php\/wp-json\/wp\/v2\/types\/page"}],"author":[{"embeddable":true,"href":"https:\/\/topfit-24.de\/index.php\/wp-json\/wp\/v2\/users\/3"}],"replies":[{"embeddable":true,"href":"https:\/\/topfit-24.de\/index.php\/wp-json\/wp\/v2\/comments?post=948"}],"version-history":[{"count":31,"href":"https:\/\/topfit-24.de\/index.php\/wp-json\/wp\/v2\/pages\/948\/revisions"}],"predecessor-version":[{"id":2519,"href":"https:\/\/topfit-24.de\/index.php\/wp-json\/wp\/v2\/pages\/948\/revisions\/2519"}],"wp:attachment":[{"href":"https:\/\/topfit-24.de\/index.php\/wp-json\/wp\/v2\/media?parent=948"}],"curies":[{"name":"wp","href":"https:\/\/api.w.org\/{rel}","templated":true}]}}